{"id":55,"date":"2015-11-07T17:03:45","date_gmt":"2015-11-07T17:03:45","guid":{"rendered":"https:\/\/wheats.mallinidesign.com\/?page_id=55"},"modified":"2025-06-11T11:18:24","modified_gmt":"2025-06-11T11:18:24","slug":"about-hola","status":"publish","type":"page","link":"https:\/\/www.graficament.com\/index.php\/about-hola\/","title":{"rendered":"Hola!"},"content":{"rendered":"<p>Hola! Gracias por llegar hasta aqu\u00ed. Soy Juanjo Mart\u00edn, la vida me ha llevado por caminos (unos mejores que otros) hasta aqu\u00ed donde estoy ahora. Mi pasi\u00f3n es el dise\u00f1o gr\u00e1fico, pasi\u00f3n que compagino con la fotograf\u00eda, la cual la ejecuto desde mi percepci\u00f3n de dise\u00f1ador. L\u00edneas, curvas y colores se mezclan atrav\u00e9s del objetivo para conseguir im\u00e1genes.\u00a0<\/p>\n<p>Me he especializado en identidad visual y construcci\u00f3n de marcas. A trav\u00e9s de <em data-start=\"541\" data-end=\"554\">graficament<\/em>, ayudo a empresas y emprendedores a transformar una imagen confusa o d\u00e9bil en un sistema visual s\u00f3lido, reconocible y alineado con su prop\u00f3sito.<\/p>\n<p data-start=\"704\" data-end=\"1043\">Mi trabajo parte de una visi\u00f3n estrat\u00e9gica: no se trata solo de dise\u00f1ar un logotipo, sino de dar forma a un lenguaje visual coherente, adaptable y significativo. Desde la definici\u00f3n del tono de marca hasta la aplicaci\u00f3n visual en todos los puntos de contacto, dirijo cada proyecto con una mirada global y un enfoque orientado a resultados.<\/p>\n<p data-start=\"1048\" data-end=\"1237\">Para cada caso, conformo y lidero un equipo multidisciplinar a medida (redactores, desarrolladores, fot\u00f3grafos, etc.), asegurando que todas las piezas encajen con sentido y profesionalidad.<\/p>\n<p data-start=\"1242\" data-end=\"1434\">Si una marca comunica de forma desordenada, no conecta con sus valores o simplemente necesita una direcci\u00f3n clara, puedo ayudar a construir una identidad que funcione \u2014por dentro y por fuera.<\/p>\n\n\n<figure class=\"wp-block-image size-large\"><img loading=\"lazy\" decoding=\"async\" width=\"1024\" height=\"576\" src=\"https:\/\/www.graficament.com\/wp-content\/uploads\/2022\/06\/IMG-20220610-WA0000-1024x576.jpg\" alt=\"\" class=\"wp-image-452\" srcset=\"https:\/\/www.graficament.com\/wp-content\/uploads\/2022\/06\/IMG-20220610-WA0000-1024x576.jpg 1024w, https:\/\/www.graficament.com\/wp-content\/uploads\/2022\/06\/IMG-20220610-WA0000-300x169.jpg 300w, https:\/\/www.graficament.com\/wp-content\/uploads\/2022\/06\/IMG-20220610-WA0000-768x432.jpg 768w, https:\/\/www.graficament.com\/wp-content\/uploads\/2022\/06\/IMG-20220610-WA0000-1536x864.jpg 1536w, https:\/\/www.graficament.com\/wp-content\/uploads\/2022\/06\/IMG-20220610-WA0000-800x450.jpg 800w, https:\/\/www.graficament.com\/wp-content\/uploads\/2022\/06\/IMG-20220610-WA0000.jpg 2048w\" sizes=\"auto, (max-width: 1024px) 100vw, 1024px\" \/><figcaption class=\"wp-element-caption\">Matt y yo.<\/figcaption><\/figure>\n\n\n\n<p>Gracias por estar aqu\u00ed.<\/p>\n","protected":false},"excerpt":{"rendered":"<p>Hola! Gracias por llegar hasta aqu\u00ed. Soy Juanjo Mart\u00edn, la vida me ha llevado por caminos (unos mejores que otros) hasta aqu\u00ed donde estoy ahora. Mi pasi\u00f3n es el dise\u00f1o gr\u00e1fico, pasi\u00f3n que compagino con la fotograf\u00eda, la cual la ejecuto desde mi percepci\u00f3n de dise\u00f1ador. L\u00edneas, curvas y colores se mezclan atrav\u00e9s del objetivo [&hellip;]<\/p>\n","protected":false},"author":1,"featured_media":457,"parent":0,"menu_order":0,"comment_status":"closed","ping_status":"closed","template":"","meta":{"footnotes":""},"class_list":["post-55","page","type-page","status-publish","has-post-thumbnail","hentry","has-thumbnail"],"yoast_head":"<!-- This site is optimized with the Yoast SEO plugin v27.4 - https:\/\/yoast.com\/product\/yoast-seo-wordpress\/ -->\n<title>Hola! - graficament<\/title>\n<meta name=\"description\" content=\"Soy Juanjo Mart\u00edn, la vida me ha llevado por caminos (unos mejores que otros) hasta aqu\u00ed donde estoy ahora. Mi pasi\u00f3n es el dise\u00f1o gr\u00e1fico, aunque ya hace tiempo que me dedico a la fotograf\u00eda, la cual la ejecuto desde mi percepci\u00f3n de dise\u00f1ador. L\u00edneas, curvas y colores se mezclan atrav\u00e9s del objetivo para conseguir im\u00e1genes.Desde aqu\u00ed os invito a conocer mi trabajo, mi paso por esta vida llena de im\u00e1genes.\" \/>\n<meta name=\"robots\" content=\"index, follow, max-snippet:-1, max-image-preview:large, max-video-preview:-1\" \/>\n<link rel=\"canonical\" href=\"https:\/\/www.graficament.com\/index.php\/about-hola\/\" \/>\n<meta property=\"og:locale\" content=\"es_ES\" \/>\n<meta property=\"og:type\" content=\"article\" \/>\n<meta property=\"og:title\" content=\"Hola! - graficament\" \/>\n<meta property=\"og:description\" content=\"Soy Juanjo Mart\u00edn, la vida me ha llevado por caminos (unos mejores que otros) hasta aqu\u00ed donde estoy ahora. Mi pasi\u00f3n es el dise\u00f1o gr\u00e1fico, aunque ya hace tiempo que me dedico a la fotograf\u00eda, la cual la ejecuto desde mi percepci\u00f3n de dise\u00f1ador. L\u00edneas, curvas y colores se mezclan atrav\u00e9s del objetivo para conseguir im\u00e1genes.Desde aqu\u00ed os invito a conocer mi trabajo, mi paso por esta vida llena de im\u00e1genes.\" \/>\n<meta property=\"og:url\" content=\"https:\/\/www.graficament.com\/index.php\/about-hola\/\" \/>\n<meta property=\"og:site_name\" content=\"graficament\" \/>\n<meta property=\"article:modified_time\" content=\"2025-06-11T11:18:24+00:00\" \/>\n<meta property=\"og:image\" content=\"https:\/\/www.graficament.com\/wp-content\/uploads\/2022\/06\/IMG-20220610-WA0005-e1654885257717.jpg\" \/>\n\t<meta property=\"og:image:width\" content=\"1365\" \/>\n\t<meta property=\"og:image:height\" content=\"2048\" \/>\n\t<meta property=\"og:image:type\" content=\"image\/jpeg\" \/>\n<meta name=\"twitter:card\" content=\"summary_large_image\" \/>\n<meta name=\"twitter:label1\" content=\"Tiempo de lectura\" \/>\n\t<meta name=\"twitter:data1\" content=\"2 minutos\" \/>\n<script type=\"application\/ld+json\" class=\"yoast-schema-graph\">{\"@context\":\"https:\\\/\\\/schema.org\",\"@graph\":[{\"@type\":\"WebPage\",\"@id\":\"https:\\\/\\\/www.graficament.com\\\/index.php\\\/about-hola\\\/\",\"url\":\"https:\\\/\\\/www.graficament.com\\\/index.php\\\/about-hola\\\/\",\"name\":\"Hola! - graficament\",\"isPartOf\":{\"@id\":\"https:\\\/\\\/www.graficament.com\\\/#website\"},\"primaryImageOfPage\":{\"@id\":\"https:\\\/\\\/www.graficament.com\\\/index.php\\\/about-hola\\\/#primaryimage\"},\"image\":{\"@id\":\"https:\\\/\\\/www.graficament.com\\\/index.php\\\/about-hola\\\/#primaryimage\"},\"thumbnailUrl\":\"https:\\\/\\\/www.graficament.com\\\/wp-content\\\/uploads\\\/2022\\\/06\\\/IMG-20220610-WA0005-e1654885257717.jpg\",\"datePublished\":\"2015-11-07T17:03:45+00:00\",\"dateModified\":\"2025-06-11T11:18:24+00:00\",\"description\":\"Soy Juanjo Mart\u00edn, la vida me ha llevado por caminos (unos mejores que otros) hasta aqu\u00ed donde estoy ahora. Mi pasi\u00f3n es el dise\u00f1o gr\u00e1fico, aunque ya hace tiempo que me dedico a la fotograf\u00eda, la cual la ejecuto desde mi percepci\u00f3n de dise\u00f1ador. L\u00edneas, curvas y colores se mezclan atrav\u00e9s del objetivo para conseguir im\u00e1genes.Desde aqu\u00ed os invito a conocer mi trabajo, mi paso por esta vida llena de im\u00e1genes.\",\"breadcrumb\":{\"@id\":\"https:\\\/\\\/www.graficament.com\\\/index.php\\\/about-hola\\\/#breadcrumb\"},\"inLanguage\":\"es\",\"potentialAction\":[{\"@type\":\"ReadAction\",\"target\":[\"https:\\\/\\\/www.graficament.com\\\/index.php\\\/about-hola\\\/\"]}]},{\"@type\":\"ImageObject\",\"inLanguage\":\"es\",\"@id\":\"https:\\\/\\\/www.graficament.com\\\/index.php\\\/about-hola\\\/#primaryimage\",\"url\":\"https:\\\/\\\/www.graficament.com\\\/wp-content\\\/uploads\\\/2022\\\/06\\\/IMG-20220610-WA0005-e1654885257717.jpg\",\"contentUrl\":\"https:\\\/\\\/www.graficament.com\\\/wp-content\\\/uploads\\\/2022\\\/06\\\/IMG-20220610-WA0005-e1654885257717.jpg\",\"width\":1365,\"height\":2048},{\"@type\":\"BreadcrumbList\",\"@id\":\"https:\\\/\\\/www.graficament.com\\\/index.php\\\/about-hola\\\/#breadcrumb\",\"itemListElement\":[{\"@type\":\"ListItem\",\"position\":1,\"name\":\"Portada\",\"item\":\"https:\\\/\\\/www.graficament.com\\\/\"},{\"@type\":\"ListItem\",\"position\":2,\"name\":\"Hola!\"}]},{\"@type\":\"WebSite\",\"@id\":\"https:\\\/\\\/www.graficament.com\\\/#website\",\"url\":\"https:\\\/\\\/www.graficament.com\\\/\",\"name\":\"graficament\",\"description\":\"dise\u00f1o gr\u00e1fico &amp; fotograf\u00eda\",\"potentialAction\":[{\"@type\":\"SearchAction\",\"target\":{\"@type\":\"EntryPoint\",\"urlTemplate\":\"https:\\\/\\\/www.graficament.com\\\/?s={search_term_string}\"},\"query-input\":{\"@type\":\"PropertyValueSpecification\",\"valueRequired\":true,\"valueName\":\"search_term_string\"}}],\"inLanguage\":\"es\"}]}<\/script>\n<!-- \/ Yoast SEO plugin. -->","yoast_head_json":{"title":"Hola! - graficament","description":"Soy Juanjo Mart\u00edn, la vida me ha llevado por caminos (unos mejores que otros) hasta aqu\u00ed donde estoy ahora. Mi pasi\u00f3n es el dise\u00f1o gr\u00e1fico, aunque ya hace tiempo que me dedico a la fotograf\u00eda, la cual la ejecuto desde mi percepci\u00f3n de dise\u00f1ador. L\u00edneas, curvas y colores se mezclan atrav\u00e9s del objetivo para conseguir im\u00e1genes.Desde aqu\u00ed os invito a conocer mi trabajo, mi paso por esta vida llena de im\u00e1genes.","robots":{"index":"index","follow":"follow","max-snippet":"max-snippet:-1","max-image-preview":"max-image-preview:large","max-video-preview":"max-video-preview:-1"},"canonical":"https:\/\/www.graficament.com\/index.php\/about-hola\/","og_locale":"es_ES","og_type":"article","og_title":"Hola! - graficament","og_description":"Soy Juanjo Mart\u00edn, la vida me ha llevado por caminos (unos mejores que otros) hasta aqu\u00ed donde estoy ahora. Mi pasi\u00f3n es el dise\u00f1o gr\u00e1fico, aunque ya hace tiempo que me dedico a la fotograf\u00eda, la cual la ejecuto desde mi percepci\u00f3n de dise\u00f1ador. L\u00edneas, curvas y colores se mezclan atrav\u00e9s del objetivo para conseguir im\u00e1genes.Desde aqu\u00ed os invito a conocer mi trabajo, mi paso por esta vida llena de im\u00e1genes.","og_url":"https:\/\/www.graficament.com\/index.php\/about-hola\/","og_site_name":"graficament","article_modified_time":"2025-06-11T11:18:24+00:00","og_image":[{"width":1365,"height":2048,"url":"https:\/\/www.graficament.com\/wp-content\/uploads\/2022\/06\/IMG-20220610-WA0005-e1654885257717.jpg","type":"image\/jpeg"}],"twitter_card":"summary_large_image","twitter_misc":{"Tiempo de lectura":"2 minutos"},"schema":{"@context":"https:\/\/schema.org","@graph":[{"@type":"WebPage","@id":"https:\/\/www.graficament.com\/index.php\/about-hola\/","url":"https:\/\/www.graficament.com\/index.php\/about-hola\/","name":"Hola! - graficament","isPartOf":{"@id":"https:\/\/www.graficament.com\/#website"},"primaryImageOfPage":{"@id":"https:\/\/www.graficament.com\/index.php\/about-hola\/#primaryimage"},"image":{"@id":"https:\/\/www.graficament.com\/index.php\/about-hola\/#primaryimage"},"thumbnailUrl":"https:\/\/www.graficament.com\/wp-content\/uploads\/2022\/06\/IMG-20220610-WA0005-e1654885257717.jpg","datePublished":"2015-11-07T17:03:45+00:00","dateModified":"2025-06-11T11:18:24+00:00","description":"Soy Juanjo Mart\u00edn, la vida me ha llevado por caminos (unos mejores que otros) hasta aqu\u00ed donde estoy ahora. Mi pasi\u00f3n es el dise\u00f1o gr\u00e1fico, aunque ya hace tiempo que me dedico a la fotograf\u00eda, la cual la ejecuto desde mi percepci\u00f3n de dise\u00f1ador. L\u00edneas, curvas y colores se mezclan atrav\u00e9s del objetivo para conseguir im\u00e1genes.Desde aqu\u00ed os invito a conocer mi trabajo, mi paso por esta vida llena de im\u00e1genes.","breadcrumb":{"@id":"https:\/\/www.graficament.com\/index.php\/about-hola\/#breadcrumb"},"inLanguage":"es","potentialAction":[{"@type":"ReadAction","target":["https:\/\/www.graficament.com\/index.php\/about-hola\/"]}]},{"@type":"ImageObject","inLanguage":"es","@id":"https:\/\/www.graficament.com\/index.php\/about-hola\/#primaryimage","url":"https:\/\/www.graficament.com\/wp-content\/uploads\/2022\/06\/IMG-20220610-WA0005-e1654885257717.jpg","contentUrl":"https:\/\/www.graficament.com\/wp-content\/uploads\/2022\/06\/IMG-20220610-WA0005-e1654885257717.jpg","width":1365,"height":2048},{"@type":"BreadcrumbList","@id":"https:\/\/www.graficament.com\/index.php\/about-hola\/#breadcrumb","itemListElement":[{"@type":"ListItem","position":1,"name":"Portada","item":"https:\/\/www.graficament.com\/"},{"@type":"ListItem","position":2,"name":"Hola!"}]},{"@type":"WebSite","@id":"https:\/\/www.graficament.com\/#website","url":"https:\/\/www.graficament.com\/","name":"graficament","description":"dise\u00f1o gr\u00e1fico &amp; fotograf\u00eda","potentialAction":[{"@type":"SearchAction","target":{"@type":"EntryPoint","urlTemplate":"https:\/\/www.graficament.com\/?s={search_term_string}"},"query-input":{"@type":"PropertyValueSpecification","valueRequired":true,"valueName":"search_term_string"}}],"inLanguage":"es"}]}},"_links":{"self":[{"href":"https:\/\/www.graficament.com\/index.php\/wp-json\/wp\/v2\/pages\/55","targetHints":{"allow":["GET"]}}],"collection":[{"href":"https:\/\/www.graficament.com\/index.php\/wp-json\/wp\/v2\/pages"}],"about":[{"href":"https:\/\/www.graficament.com\/index.php\/wp-json\/wp\/v2\/types\/page"}],"author":[{"embeddable":true,"href":"https:\/\/www.graficament.com\/index.php\/wp-json\/wp\/v2\/users\/1"}],"replies":[{"embeddable":true,"href":"https:\/\/www.graficament.com\/index.php\/wp-json\/wp\/v2\/comments?post=55"}],"version-history":[{"count":4,"href":"https:\/\/www.graficament.com\/index.php\/wp-json\/wp\/v2\/pages\/55\/revisions"}],"predecessor-version":[{"id":642,"href":"https:\/\/www.graficament.com\/index.php\/wp-json\/wp\/v2\/pages\/55\/revisions\/642"}],"wp:featuredmedia":[{"embeddable":true,"href":"https:\/\/www.graficament.com\/index.php\/wp-json\/wp\/v2\/media\/457"}],"wp:attachment":[{"href":"https:\/\/www.graficament.com\/index.php\/wp-json\/wp\/v2\/media?parent=55"}],"curies":[{"name":"wp","href":"https:\/\/api.w.org\/{rel}","templated":true}]}}